{"id":242,"date":"2018-05-11T08:44:39","date_gmt":"2018-05-11T08:44:39","guid":{"rendered":"https:\/\/livewp.site\/wp\/md\/oconnor\/?page_id=242"},"modified":"2023-12-06T13:18:43","modified_gmt":"2023-12-06T12:18:43","slug":"le-cabinet","status":"publish","type":"page","link":"https:\/\/legoaster.fr\/index.php\/le-cabinet\/","title":{"rendered":"Le cabinet"},"content":{"rendered":"<section class=\"wpb-content-wrapper\">[vc_row content_placement=&#8221;bottom&#8221; css=&#8221;.vc_custom_1701516213882{margin-top: -40px !important;}&#8221;][vc_column width=&#8221;1\/2&#8243;][gt3_icon_box icon_type=&#8221;image&#8221; thumbnail=&#8221;236&#8243; icon_box_horizontal_position=&#8221;left&#8221; icon_position=&#8221;left&#8221; icon_vertical_position=&#8221;top&#8221; new_tab=&#8221;no&#8221; icon_circle=&#8221;no&#8221; icon_size=&#8221;custom&#8221; custom_icon_size=&#8221;50&#8243; title_tag=&#8221;h4&#8243; iconbox_title_size=&#8221;22&#8243; iconbox_content_size=&#8221;18&#8243; iconbox_button_align=&#8221;default&#8221; title_color=&#8221;#272b2e&#8221; text_color=&#8221;#272b2e&#8221; link_color=&#8221;#80858b&#8221; link_hover_color=&#8221;#272b2e&#8221; heading=&#8221;Equipe d&#8217;avocats dynamiques&#8221; text=&#8221;Assistance aupr\u00e8s des particuliers et des entreprises&#8221; element_gap=&#8221;25&#8243;][gt3_spacing height=&#8221;90px&#8221;][\/vc_column][vc_column width=&#8221;1\/2&#8243;][gt3_icon_box icon_type=&#8221;image&#8221; thumbnail=&#8221;237&#8243; icon_box_horizontal_position=&#8221;left&#8221; icon_position=&#8221;left&#8221; icon_vertical_position=&#8221;top&#8221; new_tab=&#8221;no&#8221; icon_circle=&#8221;no&#8221; icon_size=&#8221;custom&#8221; custom_icon_size=&#8221;50&#8243; title_tag=&#8221;h4&#8243; iconbox_title_size=&#8221;22&#8243; iconbox_content_size=&#8221;18&#8243; iconbox_button_align=&#8221;default&#8221; title_color=&#8221;#272b2e&#8221; text_color=&#8221;#272b2e&#8221; link_color=&#8221;#80858b&#8221; link_hover_color=&#8221;#272b2e&#8221; heading=&#8221;Plus de 20 ans d&#8217;exp\u00e9rience&#8221; text=&#8221;Nos valeurs : l\u2019implication et la disponibilit\u00e9&#8221; element_gap=&#8221;25&#8243;][gt3_spacing height=&#8221;90px&#8221;][\/vc_column][\/vc_row][vc_row full_width=&#8221;stretch_row&#8221; css=&#8221;.vc_custom_1526040401592{margin-bottom: -155px !important;background-color: #47414f !important;}&#8221;][vc_column][vc_row_inner css=&#8221;.vc_custom_1526042890512{padding-top: 65px !important;padding-bottom: 70px !important;}&#8221;][vc_column_inner width=&#8221;1\/4&#8243; css=&#8221;.vc_custom_1528278713927{padding-top: 0px !important;padding-right: 0px !important;padding-bottom: 0px !important;padding-left: 0px !important;}&#8221; offset=&#8221;vc_col-md-3&#8243;][gt3_custom_text line_break=&#8221;tablet&#8221; separator=&#8221;yes&#8221; separator_color=&#8221;rgba(249,249,250,0.3)&#8221; text_color=&#8221;#f8f8f9&#8243; font_size=&#8221;32&#8243;]\n<h2>Nous sommes<br \/>\nExp\u00e9riment\u00e9es<br \/>\n&amp; pluridisciplinaires<\/h2>\n[\/gt3_custom_text][\/vc_column_inner][vc_column_inner width=&#8221;3\/4&#8243;][gt3_custom_text text_color=&#8221;#ccbd99&#8243; font_size=&#8221;22&#8243;]\n<p align=\"JUSTIFY\">Nous exer\u00e7ons en Cabinet group\u00e9 et avons des activit\u00e9s dominantes diff\u00e9rentes.<\/p>\n<p align=\"JUSTIFY\">Cela permet une comp\u00e9tence pluri disciplinaire du Cabinet et un conseil adapt\u00e9 \u00e0 tout litige dans le cadre d\u2019une confidentialit\u00e9 garantie.<\/p>\n[\/gt3_custom_text][\/vc_column_inner][\/vc_row_inner][vc_row_inner equal_height=&#8221;yes&#8221; box_shadow=&#8221;true&#8221; z_index=&#8221;true&#8221;][vc_column_inner css=&#8221;.vc_custom_1701544302736{padding-top: 0px !important;padding-right: 0px !important;padding-bottom: 0px !important;padding-left: 0px !important;background-image: url(http:\/\/legoaster.fr\/wp-content\/uploads\/2023\/12\/4Maitre-Gaelle-Le-Goaster-scaled.jpg?id=1859) !important;background-position: center !important;background-repeat: no-repeat !important;background-size: cover !important;}&#8221; offset=&#8221;vc_col-md-4&#8243;][gt3_spacing height=&#8221;235px&#8221;][gt3_custom_text separator=&#8221;yes&#8221; separator_inner=&#8221;yes&#8221; separator_color=&#8221;rgba(255,255,255,0.3)&#8221; margin_top=&#8221;17&#8243; text_color=&#8221;#ffffff&#8221; font_size=&#8221;22&#8243; css=&#8221;.vc_custom_1701510018332{padding-bottom: 30px !important;}&#8221;]\n<h4>Expertises<\/h4>\n[\/gt3_custom_text][\/vc_column_inner][vc_column_inner css=&#8221;.vc_custom_1701864720538{padding-top: 0px !important;padding-right: 0px !important;padding-bottom: 0px !important;padding-left: 0px !important;background-image: url(http:\/\/legoaster.fr\/wp-content\/uploads\/2023\/12\/Me-LE-GOASTER-1.png?id=2073) !important;background-position: center !important;background-repeat: no-repeat !important;background-size: cover !important;}&#8221; offset=&#8221;vc_col-md-4&#8243;][gt3_spacing height=&#8221;235px&#8221;][gt3_custom_text separator=&#8221;yes&#8221; separator_inner=&#8221;yes&#8221; separator_color=&#8221;rgba(255,255,255,0.3)&#8221; margin_top=&#8221;17&#8243; text_color=&#8221;#ffffff&#8221; font_size=&#8221;22&#8243; css=&#8221;.vc_custom_1701510031375{padding-bottom: 30px !important;}&#8221;]\n<h4>D\u00e9ontologie<\/h4>\n[\/gt3_custom_text][\/vc_column_inner][vc_column_inner css=&#8221;.vc_custom_1701544347235{padding-top: 0px !important;padding-right: 0px !important;padding-bottom: 0px !important;padding-left: 0px !important;background-image: url(http:\/\/legoaster.fr\/wp-content\/uploads\/2023\/12\/3Maitre-Gaelle-Le-Goaster-1-scaled.jpg?id=1858) !important;background-position: center !important;background-repeat: no-repeat !important;background-size: cover !important;}&#8221; offset=&#8221;vc_col-md-4&#8243;][gt3_spacing height=&#8221;235px&#8221;][gt3_custom_text separator=&#8221;yes&#8221; separator_inner=&#8221;yes&#8221; separator_color=&#8221;rgba(255,255,255,0.3)&#8221; margin_top=&#8221;17&#8243; text_color=&#8221;#ffffff&#8221; font_size=&#8221;22&#8243; css=&#8221;.vc_custom_1701510138121{padding-bottom: 30px !important;}&#8221;]\n<h4>Accompagnements personnalis\u00e9s<\/h4>\n[\/gt3_custom_text][\/vc_column_inner][\/vc_row_inner][\/vc_column][\/vc_row][vc_row full_width=&#8221;stretch_row&#8221; css=&#8221;.vc_custom_1526040566092{background-color: #ffffff !important;}&#8221;][vc_column][gt3_spacing height=&#8221;155px&#8221;][vc_row_inner][vc_column_inner width=&#8221;1\/3&#8243;][gt3_custom_text text_color=&#8221;#272b2e&#8221; font_size=&#8221;22&#8243;]\n<h4>Droit de la famille<\/h4>\n[\/gt3_custom_text][gt3_custom_text text_color=&#8221;#272b2e&#8221; font_size=&#8221;16&#8243; css=&#8221;.vc_custom_1701508655812{padding-top: 7px !important;}&#8221;]Divorce, garde d&#8217;enfant, pension&#8230;.[\/gt3_custom_text][\/vc_column_inner][vc_column_inner width=&#8221;1\/3&#8243;][gt3_custom_text text_color=&#8221;#272b2e&#8221; font_size=&#8221;22&#8243;]\n<h4>Droit du travail<\/h4>\n[\/gt3_custom_text][gt3_custom_text text_color=&#8221;#272b2e&#8221; font_size=&#8221;16&#8243; css=&#8221;.vc_custom_1701508820469{padding-top: 7px !important;}&#8221;]D\u00e9fense devant les Conseils des Prud&#8217;hommes et les P\u00f4les sociaux des Tribunaux Judiciaires[\/gt3_custom_text][\/vc_column_inner][vc_column_inner width=&#8221;1\/3&#8243;][gt3_custom_text text_color=&#8221;#272b2e&#8221; font_size=&#8221;22&#8243;]\n<h4>Droit p\u00e9nal<\/h4>\n[\/gt3_custom_text][gt3_custom_text text_color=&#8221;#272b2e&#8221; font_size=&#8221;16&#8243; css=&#8221;.vc_custom_1701508549268{padding-top: 7px !important;}&#8221;]D\u00e9fense des personnes physiques et morales.[\/gt3_custom_text][\/vc_column_inner][\/vc_row_inner][gt3_spacing height=&#8221;46px&#8221; responsive_es=&#8221;yes&#8221; height_mobile=&#8221;0&#8243;][vc_row_inner][vc_column_inner width=&#8221;1\/3&#8243;][gt3_custom_text text_color=&#8221;#272b2e&#8221; font_size=&#8221;22&#8243;]\n<h4>Droit des affaires &#8211; Droit commercial &#8211; Droit de la concurrence<\/h4>\n[\/gt3_custom_text][gt3_custom_text text_color=&#8221;#272b2e&#8221; font_size=&#8221;16&#8243; css=&#8221;.vc_custom_1701509085731{padding-top: 7px !important;}&#8221;]Droit immobilier, droit civil, entreprises en difficult\u00e9s[\/gt3_custom_text][\/vc_column_inner][vc_column_inner width=&#8221;1\/3&#8243;][gt3_custom_text text_color=&#8221;#272b2e&#8221; font_size=&#8221;22&#8243;]\n<h4>Droit public<\/h4>\n[\/gt3_custom_text][gt3_custom_text text_color=&#8221;#272b2e&#8221; font_size=&#8221;16&#8243; css=&#8221;.vc_custom_1701508894807{padding-top: 7px !important;}&#8221;]<span>Droit de l\u2019urbanisme et de l\u2019am\u00e9nagement, droit des collectivit\u00e9s territoriales, droit de la fonction publique et droit public des affaires.<\/span>[\/gt3_custom_text][\/vc_column_inner][vc_column_inner width=&#8221;1\/3&#8243;][\/vc_column_inner][\/vc_row_inner][gt3_spacing height=&#8221;120px&#8221;][\/vc_column][\/vc_row][vc_row full_width=&#8221;stretch_row&#8221; css=&#8221;.vc_custom_1701683176313{margin-top: px !important;margin-bottom: -85px !important;background-color: #47414f !important;}&#8221;][vc_column css=&#8221;.vc_custom_1526289401839{padding-top: 0px !important;}&#8221;][vc_row_inner equal_height=&#8221;yes&#8221; box_shadow=&#8221;true&#8221; z_index=&#8221;true&#8221;][vc_column_inner css=&#8221;.vc_custom_1701865121708{margin-top: -40px !important;padding-top: 0px !important;padding-right: 0px !important;padding-bottom: 0px !important;padding-left: 0px !important;background-image: url(http:\/\/legoaster.fr\/wp-content\/uploads\/2023\/12\/1.png?id=1945) !important;background-position: center !important;background-repeat: no-repeat !important;background-size: cover !important;}&#8221; offset=&#8221;vc_col-md-4&#8243;][gt3_spacing height=&#8221;235px&#8221;][gt3_custom_text separator=&#8221;yes&#8221; separator_inner=&#8221;yes&#8221; separator_color=&#8221;rgba(255,255,255,0.3)&#8221; margin_top=&#8221;17&#8243; text_color=&#8221;#ffffff&#8221; font_size=&#8221;22&#8243; css=&#8221;.vc_custom_1701683646435{padding-bottom: 30px !important;}&#8221;]\n<h4><a href=\"http:\/\/legoaster.fr\" target=\"_blank\" rel=\"noopener\">Ga\u00eblle LE GOASTER<\/a><\/h4>\n<p>Droit de la famille[\/gt3_custom_text][\/vc_column_inner][vc_column_inner css=&#8221;.vc_custom_1701802260667{margin-top: -40px !important;padding-top: 0px !important;padding-right: 0px !important;padding-bottom: 0px !important;padding-left: 0px !important;background-image: url(http:\/\/legoaster.fr\/wp-content\/uploads\/2023\/12\/1Maitre-Gaelle-Le-Goaster-scaled.jpg?id=1626) !important;background-position: center !important;background-repeat: no-repeat !important;background-size: cover !important;}&#8221; offset=&#8221;vc_col-md-4&#8243;][gt3_spacing height=&#8221;235px&#8221;][gt3_custom_text separator=&#8221;yes&#8221; separator_inner=&#8221;yes&#8221; separator_color=&#8221;rgba(255,255,255,0.3)&#8221; margin_top=&#8221;17&#8243; text_color=&#8221;#ffffff&#8221; font_size=&#8221;22&#8243; css=&#8221;.vc_custom_1701767930981{padding-bottom: 30px !important;}&#8221;]\n<h4 align=\"JUSTIFY\"><a href=\"http:\/\/avocat-senange-quimper.com\" target=\"_blank\" rel=\"noopener\">Fanny SENANGE<\/a><\/h4>\n<p align=\"JUSTIFY\">Droit social et s\u00e9curit\u00e9 sociale<\/p>\n[\/gt3_custom_text][\/vc_column_inner][vc_column_inner css=&#8221;.vc_custom_1701802019295{margin-top: -40px !important;padding-top: 0px !important;padding-right: 0px !important;padding-bottom: 0px !important;padding-left: 0px !important;background-image: url(http:\/\/legoaster.fr\/wp-content\/uploads\/2023\/12\/1Maitre-Gaelle-Le-Goaster-scaled.jpg?id=1626) !important;background-position: center !important;background-repeat: no-repeat !important;background-size: cover !important;}&#8221; offset=&#8221;vc_col-md-4&#8243;][gt3_spacing height=&#8221;235px&#8221;][gt3_custom_text separator=&#8221;yes&#8221; separator_inner=&#8221;yes&#8221; separator_color=&#8221;rgba(255,255,255,0.3)&#8221; margin_top=&#8221;17&#8243; text_color=&#8221;#ffffff&#8221; font_size=&#8221;22&#8243; css=&#8221;.vc_custom_1701683670435{padding-bottom: 30px !important;}&#8221;]\n<h4><a href=\"https:\/\/avocat-hajji.fr\" target=\"_blank\" rel=\"noopener\">Nassera HAJJI<\/a><\/h4>\n<p>Droit p\u00e9nal[\/gt3_custom_text][\/vc_column_inner][\/vc_row_inner][vc_row_inner equal_height=&#8221;yes&#8221; box_shadow=&#8221;true&#8221; z_index=&#8221;true&#8221;][vc_column_inner css=&#8221;.vc_custom_1701802275111{padding-top: 0px !important;padding-right: 0px !important;padding-bottom: 0px !important;padding-left: 0px !important;background-image: url(http:\/\/legoaster.fr\/wp-content\/uploads\/2023\/12\/1Maitre-Gaelle-Le-Goaster-scaled.jpg?id=1626) !important;background-position: center !important;background-repeat: no-repeat !important;background-size: cover !important;}&#8221; offset=&#8221;vc_col-md-4&#8243;][gt3_spacing height=&#8221;235px&#8221;][gt3_custom_text separator=&#8221;yes&#8221; separator_inner=&#8221;yes&#8221; separator_color=&#8221;rgba(255,255,255,0.3)&#8221; margin_top=&#8221;17&#8243; text_color=&#8221;#ffffff&#8221; font_size=&#8221;22&#8243; css=&#8221;.vc_custom_1701683681543{padding-bottom: 30px !important;}&#8221;]\n<h4><a href=\"https:\/\/www.maud-mulot-avocat.com\" target=\"_blank\" rel=\"noopener\">Maud MULOT<\/a><\/h4>\n<p>Droit commercial[\/gt3_custom_text][\/vc_column_inner][vc_column_inner css=&#8221;.vc_custom_1701801722856{padding-top: 0px !important;padding-right: 0px !important;padding-bottom: 0px !important;padding-left: 0px !important;background-image: url(http:\/\/legoaster.fr\/wp-content\/uploads\/2023\/12\/Me-DOUERIN-2.png?id=2002) !important;background-position: center !important;background-repeat: no-repeat !important;background-size: cover !important;}&#8221; offset=&#8221;vc_col-md-4&#8243;][gt3_spacing height=&#8221;235px&#8221;][gt3_custom_text separator=&#8221;yes&#8221; separator_inner=&#8221;yes&#8221; separator_color=&#8221;rgba(255,255,255,0.3)&#8221; margin_top=&#8221;17&#8243; text_color=&#8221;#ffffff&#8221; font_size=&#8221;22&#8243; css=&#8221;.vc_custom_1701683694920{padding-bottom: 30px !important;}&#8221;]\n<h4><a href=\"https:\/\/www.douerin-avocat.com\" target=\"_blank\" rel=\"noopener\">Estelle DOUERIN<\/a><\/h4>\n<p>Droit public[\/gt3_custom_text][\/vc_column_inner][vc_column_inner css=&#8221;.vc_custom_1701800364622{padding-top: 0px !important;padding-right: 0px !important;padding-bottom: 0px !important;padding-left: 0px !important;background-image: url(http:\/\/legoaster.fr\/wp-content\/uploads\/2023\/12\/Isabelle-PERINET.png?id=1989) !important;background-position: center !important;background-repeat: no-repeat !important;background-size: cover !important;}&#8221; offset=&#8221;vc_col-md-4&#8243;][gt3_spacing height=&#8221;235px&#8221;][gt3_custom_text separator=&#8221;yes&#8221; separator_inner=&#8221;yes&#8221; separator_color=&#8221;rgba(255,255,255,0.3)&#8221; margin_top=&#8221;17&#8243; text_color=&#8221;#ffffff&#8221; font_size=&#8221;22&#8243; css=&#8221;.vc_custom_1701682492818{padding-bottom: 30px !important;}&#8221;]\n<h4>Isabelle PERINET<\/h4>\n<p>Assistante juridique[\/gt3_custom_text][\/vc_column_inner][\/vc_row_inner][\/vc_column][\/vc_row][vc_row content_placement=&#8221;bottom&#8221;][vc_column width=&#8221;1\/3&#8243;][gt3_spacing height=&#8221;90px&#8221;][\/vc_column][vc_column width=&#8221;1\/3&#8243;][gt3_spacing height=&#8221;90px&#8221;][\/vc_column][vc_column width=&#8221;1\/3&#8243;][gt3_spacing height=&#8221;90px&#8221;][\/vc_column][\/vc_row][vc_row content_placement=&#8221;bottom&#8221;][vc_column width=&#8221;1\/3&#8243;][gt3_spacing height=&#8221;90px&#8221;][gt3_icon_box icon_type=&#8221;image&#8221; thumbnail=&#8221;1202&#8243; icon_box_horizontal_position=&#8221;center&#8221; icon_position=&#8221;top&#8221; new_tab=&#8221;no&#8221; icon_circle=&#8221;no&#8221; icon_size=&#8221;custom&#8221; custom_icon_size=&#8221;60&#8243; title_tag=&#8221;h4&#8243; iconbox_title_size=&#8221;18&#8243; iconbox_content_size=&#8221;18&#8243; iconbox_button_align=&#8221;default&#8221; title_color=&#8221;#272b2e&#8221; text_color=&#8221;#272b2e&#8221; link_color=&#8221;#80858b&#8221; link_hover_color=&#8221;#272b2e&#8221; heading=&#8221;Nous vous accueillons dans des locaux agr\u00e9ables.&#8221;][gt3_spacing height=&#8221;90px&#8221;][\/vc_column][vc_column width=&#8221;1\/3&#8243;][gt3_spacing height=&#8221;90px&#8221;][gt3_icon_box icon_type=&#8221;image&#8221; thumbnail=&#8221;1551&#8243; icon_box_horizontal_position=&#8221;center&#8221; icon_position=&#8221;top&#8221; new_tab=&#8221;no&#8221; icon_circle=&#8221;no&#8221; icon_size=&#8221;custom&#8221; custom_icon_size=&#8221;60&#8243; title_tag=&#8221;h4&#8243; iconbox_title_size=&#8221;18&#8243; iconbox_content_size=&#8221;18&#8243; iconbox_button_align=&#8221;default&#8221; title_color=&#8221;#272b2e&#8221; text_color=&#8221;#272b2e&#8221; link_color=&#8221;#80858b&#8221; link_hover_color=&#8221;#272b2e&#8221; heading=&#8221;Le Cabinet est facile d\u2019acc\u00e8s en voiture ou en bus (arr\u00eat \u00ab rue de Douarnenez \u00bb).&#8221;][gt3_spacing height=&#8221;90px&#8221;][\/vc_column][vc_column width=&#8221;1\/3&#8243;][gt3_spacing height=&#8221;90px&#8221;][gt3_icon_box icon_type=&#8221;image&#8221; thumbnail=&#8221;1550&#8243; icon_box_horizontal_position=&#8221;center&#8221; icon_position=&#8221;top&#8221; new_tab=&#8221;no&#8221; icon_circle=&#8221;no&#8221; icon_size=&#8221;custom&#8221; custom_icon_size=&#8221;60&#8243; title_tag=&#8221;h4&#8243; iconbox_title_size=&#8221;18&#8243; iconbox_content_size=&#8221;18&#8243; iconbox_button_align=&#8221;default&#8221; title_color=&#8221;#272b2e&#8221; text_color=&#8221;#272b2e&#8221; link_color=&#8221;#80858b&#8221; link_hover_color=&#8221;#272b2e&#8221; heading=&#8221;Stationnement gratuit dans la rue de Douarnenez.&#8221;][gt3_spacing height=&#8221;90px&#8221;][\/vc_column][\/vc_row][vc_row full_width=&#8221;stretch_row&#8221; content_placement=&#8221;middle&#8221; css=&#8221;.vc_custom_1701714069228{margin-bottom: -40px !important;background-color: #6e909e !important;}&#8221;][vc_column width=&#8221;2\/3&#8243; css=&#8221;.vc_custom_1526288789202{margin-left: -30px !important;padding-right: 0px !important;padding-left: 0px !important;}&#8221;][gt3_spacing height=&#8221;100px&#8221;][gt3_custom_text line_break=&#8221;notebook&#8221; separator=&#8221;yes&#8221; separator_color=&#8221;rgba(39,43,46,0.2)&#8221; margin_top=&#8221;25&#8243; text_color=&#8221;#272b2e&#8221; font_size=&#8221;38&#8243; line_height=&#8221;143&#8243;]\n<h2><a href=\"https:\/\/www.avocats-quimper.fr\" target=\"_blank\" rel=\"noopener\">Site du Conseil de l&#8217;Ordre des Avocats de Quimper<\/a><\/h2>\n[\/gt3_custom_text][gt3_spacing height=&#8221;50px&#8221;][gt3_custom_text text_color=&#8221;#272b2e&#8221; font_size=&#8221;18&#8243;]Quels sont ses r\u00f4les ?<\/p>\n<ul>\n<li>Repr\u00e9senter les avocats<\/li>\n<li>Assurer la discipline<\/li>\n<li>Promouvoir les activit\u00e9s de l&#8217;Ordre<\/li>\n<\/ul>\n[\/gt3_custom_text][gt3_custom_text line_break=&#8221;notebook&#8221; text_color=&#8221;#272b2e&#8221; font_size=&#8221;20&#8243; line_height=&#8221;143&#8243;]\n<h5><a href=\"https:\/\/www.avocats-quimper.fr\" target=\"_blank\" rel=\"noopener\">Pour en savoir plus, cliquez ici<\/a><\/h5>\n[\/gt3_custom_text][gt3_spacing height=&#8221;100px&#8221;][\/vc_column][vc_column width=&#8221;1\/3&#8243; css=&#8221;.vc_custom_1701513535355{margin-top: -20px !important;}&#8221;][vc_single_image image=&#8221;1707&#8243; img_size=&#8221;full&#8221; onclick=&#8221;custom_link&#8221; img_link_target=&#8221;_blank&#8221; link=&#8221;https:\/\/www.avocats-quimper.fr&#8221;][gt3_spacing height=&#8221;50px&#8221;][\/vc_column][\/vc_row]\n<\/section>","protected":false},"excerpt":{"rendered":"<p>[vc_row content_placement=&#8221;bottom&#8221; css=&#8221;.vc_custom_1701516213882{margin-top: -40px !important;}&#8221;][vc_column width=&#8221;1\/2&#8243;][gt3_icon_box icon_type=&#8221;image&#8221; thumbnail=&#8221;236&#8243; icon_box_horizontal_position=&#8221;left&#8221; icon_position=&#8221;left&#8221; icon_vertical_position=&#8221;top&#8221; new_tab=&#8221;no&#8221; icon_circle=&#8221;no&#8221; icon_size=&#8221;custom&#8221; custom_icon_size=&#8221;50&#8243; title_tag=&#8221;h4&#8243; iconbox_title_size=&#8221;22&#8243; iconbox_content_size=&#8221;18&#8243; iconbox_button_align=&#8221;default&#8221; title_color=&#8221;#272b2e&#8221; text_color=&#8221;#272b2e&#8221; link_color=&#8221;#80858b&#8221; link_hover_color=&#8221;#272b2e&#8221; heading=&#8221;Equipe d&#8217;avocats dynamiques&#8221; text=&#8221;Assistance aupr\u00e8s des particuliers et des entreprises&#8221; element_gap=&#8221;25&#8243;][gt3_spacing height=&#8221;90px&#8221;][\/vc_column][vc_column width=&#8221;1\/2&#8243;][gt3_icon_box icon_type=&#8221;image&#8221; thumbnail=&#8221;237&#8243; icon_box_horizontal_position=&#8221;left&#8221; icon_position=&#8221;left&#8221; icon_vertical_position=&#8221;top&#8221; new_tab=&#8221;no&#8221; icon_circle=&#8221;no&#8221; icon_size=&#8221;custom&#8221; custom_icon_size=&#8221;50&#8243; title_tag=&#8221;h4&#8243; iconbox_title_size=&#8221;22&#8243; iconbox_content_size=&#8221;18&#8243; iconbox_button_align=&#8221;default&#8221; title_color=&#8221;#272b2e&#8221; text_color=&#8221;#272b2e&#8221; link_color=&#8221;#80858b&#8221; link_hover_color=&#8221;#272b2e&#8221; heading=&#8221;Plus de [&hellip;]<\/p>\n","protected":false},"author":1,"featured_media":0,"parent":0,"menu_order":0,"comment_status":"closed","ping_status":"closed","template":"full-width.php","meta":{"_themeisle_gutenberg_block_has_review":false,"footnotes":""},"class_list":["post-242","page","type-page","status-publish","hentry"],"_links":{"self":[{"href":"https:\/\/legoaster.fr\/index.php\/wp-json\/wp\/v2\/pages\/242","targetHints":{"allow":["GET"]}}],"collection":[{"href":"https:\/\/legoaster.fr\/index.php\/wp-json\/wp\/v2\/pages"}],"about":[{"href":"https:\/\/legoaster.fr\/index.php\/wp-json\/wp\/v2\/types\/page"}],"author":[{"embeddable":true,"href":"https:\/\/legoaster.fr\/index.php\/wp-json\/wp\/v2\/users\/1"}],"replies":[{"embeddable":true,"href":"https:\/\/legoaster.fr\/index.php\/wp-json\/wp\/v2\/comments?post=242"}],"version-history":[{"count":176,"href":"https:\/\/legoaster.fr\/index.php\/wp-json\/wp\/v2\/pages\/242\/revisions"}],"predecessor-version":[{"id":2075,"href":"https:\/\/legoaster.fr\/index.php\/wp-json\/wp\/v2\/pages\/242\/revisions\/2075"}],"wp:attachment":[{"href":"https:\/\/legoaster.fr\/index.php\/wp-json\/wp\/v2\/media?parent=242"}],"curies":[{"name":"wp","href":"https:\/\/api.w.org\/{rel}","templated":true}]}}