{"id":332,"date":"2018-05-15T11:21:00","date_gmt":"2018-05-15T11:21:00","guid":{"rendered":"https:\/\/livewp.site\/wp\/md\/oconnor\/?page_id=332"},"modified":"2023-12-06T12:20:59","modified_gmt":"2023-12-06T11:20:59","slug":"les-honoraires","status":"publish","type":"page","link":"https:\/\/legoaster.fr\/index.php\/les-honoraires\/","title":{"rendered":"Les honoraires"},"content":{"rendered":"<section class=\"wpb-content-wrapper\">[vc_row full_width=&#8221;stretch_row&#8221; content_placement=&#8221;middle&#8221; css=&#8221;.vc_custom_1701861035145{margin-top: -50px !important;background-color: #f8f8f8 !important;}&#8221;][vc_column width=&#8221;1\/2&#8243; css=&#8221;.vc_custom_1526390485886{padding-top: 10px !important;}&#8221;][gt3_spacing height=&#8221;30px&#8221;][gt3_custom_text separator=&#8221;yes&#8221; separator_color=&#8221;rgba(39,43,46,0.2)&#8221; text_color=&#8221;#272b2e&#8221; font_size=&#8221;32&#8243;]\n<h2>Le montant de la proc\u00e9dure<\/h2>\n[\/gt3_custom_text][gt3_spacing height=&#8221;26px&#8221;][gt3_spacing height=&#8221;26px&#8221;][vc_progress_bar values=&#8221;%5B%7B%22label%22%3A%22PREMIERE%20CONSULTATION%20A%2050%20%E2%82%AC%22%2C%22color%22%3A%22custom%22%2C%22customcolor%22%3A%22%23c2b697%22%2C%22customtxtcolor%22%3A%22%23272b2e%22%7D%2C%7B%22label%22%3A%22TRANSPARENCE%20SUR%20LES%20HONORAIRES%22%2C%22color%22%3A%22custom%22%2C%22customcolor%22%3A%22%23c2b697%22%2C%22customtxtcolor%22%3A%22%23272b2e%22%7D%2C%7B%22label%22%3A%22SELON%20LES%20DOSSIERS%2C%20%5C%22%20PROTECTION%20JURIDIQUE%20%5C%22%22%2C%22color%22%3A%22custom%22%2C%22customcolor%22%3A%22%23c2b697%22%2C%22customtxtcolor%22%3A%22%23272b2e%22%7D%5D&#8221; bgcolor=&#8221;white&#8221;][gt3_spacing height=&#8221;30px&#8221;][\/vc_column][vc_column width=&#8221;1\/2&#8243; css=&#8221;.vc_custom_1526390560512{margin-right: -46px !important;padding-top: 0px !important;padding-right: 0px !important;padding-bottom: 0px !important;padding-left: 0px !important;}&#8221;][vc_column_text]<img loading=\"lazy\" decoding=\"async\" class=\"alignnone wp-image-1856 aligncenter\" src=\"http:\/\/legoaster.fr\/wp-content\/uploads\/2023\/12\/1Maitre-Gaelle-Le-Goaster-1-300x169.jpg\" alt=\"\" width=\"769\" height=\"433\" srcset=\"https:\/\/legoaster.fr\/wp-content\/uploads\/2023\/12\/1Maitre-Gaelle-Le-Goaster-1-300x169.jpg 300w, https:\/\/legoaster.fr\/wp-content\/uploads\/2023\/12\/1Maitre-Gaelle-Le-Goaster-1-1024x576.jpg 1024w, https:\/\/legoaster.fr\/wp-content\/uploads\/2023\/12\/1Maitre-Gaelle-Le-Goaster-1-768x432.jpg 768w, https:\/\/legoaster.fr\/wp-content\/uploads\/2023\/12\/1Maitre-Gaelle-Le-Goaster-1-1536x864.jpg 1536w, https:\/\/legoaster.fr\/wp-content\/uploads\/2023\/12\/1Maitre-Gaelle-Le-Goaster-1-2048x1152.jpg 2048w\" sizes=\"auto, (max-width: 769px) 100vw, 769px\" \/>[\/vc_column_text][\/vc_column][\/vc_row][vc_row full_width=&#8221;stretch_row_content&#8221; css=&#8221;.vc_custom_1701767489361{margin-bottom: -40px !important;}&#8221;][vc_column width=&#8221;1\/3&#8243; css=&#8221;.vc_custom_1701861656738{margin-bottom: -15px !important;padding-top: 0px !important;padding-right: 0px !important;padding-bottom: 0px !important;padding-left: 0px !important;background-color: #47414f !important;}&#8221;][gt3_spacing height=&#8221;73px&#8221;][gt3_custom_text separator=&#8221;yes&#8221; separator_color=&#8221;rgba(249,249,250,0.2)&#8221; margin_top=&#8221;17&#8243; maxwidth=&#8221;18%&#8221; text_color=&#8221;#ffffff&#8221; font_size=&#8221;24&#8243; line_height=&#8221;145&#8243; item_el_class=&#8221;max_width-280 gt3_margin_auto&#8221;]\n<h2>La premi\u00e8re consultation est \u00e0 50 \u20ac<\/h2>\n[\/gt3_custom_text][gt3_spacing height=&#8221;23px&#8221;][gt3_custom_text text_color=&#8221;#ffffff&#8221; font_size=&#8221;16&#8243; line_height=&#8221;145&#8243; item_el_class=&#8221;max_width-280 gt3_margin_auto&#8221;]\n<p align=\"JUSTIFY\">Lors du premier rendez-vous, je vous \u00e9coute exposer votre situation et je vous pose aussi toute question utile \u00e0 la compr\u00e9hension de votre probl\u00e9matique.<\/p>\n<p>&nbsp;<\/p>\n<p align=\"JUSTIFY\">Je vous donne une premi\u00e8re analyse de votre dossier tant sur le respect de vos droits que sur les chances de succ\u00e8s d\u2019une \u00e9ventuelle proc\u00e9dure.<\/p>\n<p>&nbsp;<\/p>\n<p align=\"JUSTIFY\">A l\u2019issue de ce premier rendez-vous, si vous souhaitez initier une proc\u00e9dure, je constituerai un dossier avec vous, comprenant toutes les pi\u00e8ces qui seront n\u00e9cessaires \u00e0 la d\u00e9fense de vos int\u00e9r\u00eats.<\/p>\n[\/gt3_custom_text][gt3_spacing height=&#8221;60px&#8221;][\/vc_column][vc_column width=&#8221;1\/3&#8243; css=&#8221;.vc_custom_1701524007329{margin-bottom: px !important;border-bottom-width: px !important;padding-top: 0px !important;padding-right: 0px !important;padding-left: 0px !important;background-color: #ccbd99 !important;}&#8221;][gt3_spacing height=&#8221;73px&#8221;][gt3_custom_text separator=&#8221;yes&#8221; separator_color=&#8221;rgba(249,249,250,0.2)&#8221; margin_top=&#8221;17&#8243; maxwidth=&#8221;18%&#8221; text_color=&#8221;#ffffff&#8221; font_size=&#8221;24&#8243; line_height=&#8221;145&#8243; item_el_class=&#8221;max_width-280 gt3_margin_auto&#8221;]\n<h2>La transparence<\/h2>\n[\/gt3_custom_text][gt3_spacing height=&#8221;23px&#8221;][gt3_custom_text text_color=&#8221;#ffffff&#8221; font_size=&#8221;16&#8243; line_height=&#8221;145&#8243; item_el_class=&#8221;max_width-280 gt3_margin_auto&#8221; css=&#8221;.vc_custom_1701861605318{padding-bottom: -5px !important;}&#8221;]\n<p align=\"JUSTIFY\">Mais vous pouvez aussi prendre le temps de la r\u00e9flexion en toute connaissance de vos droits.<\/p>\n<p>&nbsp;<\/p>\n<p align=\"JUSTIFY\">D\u00e8s le premier rendez-vous, je vous informe en toute transparence du co\u00fbt d\u2019une proc\u00e9dure et des modalit\u00e9s de r\u00e8glement.<\/p>\n<p>&nbsp;<\/p>\n<p align=\"JUSTIFY\">La convention d\u2019honoraires entre l\u2019avocat et le client est obligatoire et d\u00e9taillera tous les co\u00fbts.<\/p>\n<p>&nbsp;<\/p>\n<p align=\"JUSTIFY\">Si celle-ci ne vous convient pas, vous demeurez libre d\u2019aller voir un de mes confr\u00e8res.<\/p>\n[\/gt3_custom_text][gt3_spacing height=&#8221;60px&#8221;][\/vc_column][vc_column width=&#8221;1\/3&#8243; css=&#8221;.vc_custom_1701524890441{margin-bottom: px !important;padding-top: 0px !important;padding-right: 0px !important;padding-bottom: 0px !important;padding-left: 0px !important;background-color: #ffffff !important;}&#8221;][gt3_spacing height=&#8221;73px&#8221;][gt3_custom_text separator=&#8221;yes&#8221; separator_color=&#8221;rgba(39,43,46,0.2)&#8221; margin_top=&#8221;17&#8243; maxwidth=&#8221;18%&#8221; text_color=&#8221;#272b2e&#8221; font_size=&#8221;24&#8243; line_height=&#8221;145&#8243; item_el_class=&#8221;max_width-280 gt3_margin_auto&#8221;]\n<h2>La protection juridique<\/h2>\n[\/gt3_custom_text][gt3_spacing height=&#8221;23px&#8221;][gt3_custom_text text_color=&#8221;#7a7a7a&#8221; font_size=&#8221;16&#8243; line_height=&#8221;145&#8243; item_el_class=&#8221;max_width-280 gt3_margin_auto&#8221; css=&#8221;.vc_custom_1701861493403{padding-bottom: -5px !important;}&#8221;]\n<p align=\"JUSTIFY\">Je propose un honoraire forfaitaire pour toute la proc\u00e9dure duquel sera d\u00e9duit le co\u00fbt de la premi\u00e8re consultation.<\/p>\n<p>&nbsp;<\/p>\n<p align=\"JUSTIFY\">Dans certains cas tr\u00e8s pr\u00e9cis, en demande ou en d\u00e9fense d\u2019une prestation compensatoire, l\u2019honoraire de base peut \u00eatre r\u00e9duit et assorti d\u2019un honoraire de r\u00e9sultat li\u00e9 au succ\u00e8s de vos demandes.<\/p>\n<p>&nbsp;<\/p>\n<p align=\"JUSTIFY\">Les honoraires peuvent \u00eatre pris en charge, en tout ou partie, par votre assurance \u00ab\u00a0protection juridique\u00a0\u00bb, pensez \u00e0 v\u00e9rifier.<\/p>\n[\/gt3_custom_text][gt3_spacing height=&#8221;60px&#8221;][\/vc_column][\/vc_row]\n<\/section>","protected":false},"excerpt":{"rendered":"<p>[vc_row full_width=&#8221;stretch_row&#8221; content_placement=&#8221;middle&#8221; css=&#8221;.vc_custom_1701861035145{margin-top: -50px !important;background-color: #f8f8f8 !important;}&#8221;][vc_column width=&#8221;1\/2&#8243; css=&#8221;.vc_custom_1526390485886{padding-top: 10px !important;}&#8221;][gt3_spacing height=&#8221;30px&#8221;][gt3_custom_text separator=&#8221;yes&#8221; separator_color=&#8221;rgba(39,43,46,0.2)&#8221; text_color=&#8221;#272b2e&#8221; font_size=&#8221;32&#8243;] Le montant de la proc\u00e9dure [\/gt3_custom_text][gt3_spacing height=&#8221;26px&#8221;][gt3_spacing height=&#8221;26px&#8221;][vc_progress_bar values=&#8221;%5B%7B%22label%22%3A%22PREMIERE%20CONSULTATION%20A%2050%20%E2%82%AC%22%2C%22color%22%3A%22custom%22%2C%22customcolor%22%3A%22%23c2b697%22%2C%22customtxtcolor%22%3A%22%23272b2e%22%7D%2C%7B%22label%22%3A%22TRANSPARENCE%20SUR%20LES%20HONORAIRES%22%2C%22color%22%3A%22custom%22%2C%22customcolor%22%3A%22%23c2b697%22%2C%22customtxtcolor%22%3A%22%23272b2e%22%7D%2C%7B%22label%22%3A%22SELON%20LES%20DOSSIERS%2C%20%5C%22%20PROTECTION%20JURIDIQUE%20%5C%22%22%2C%22color%22%3A%22custom%22%2C%22customcolor%22%3A%22%23c2b697%22%2C%22customtxtcolor%22%3A%22%23272b2e%22%7D%5D&#8221; bgcolor=&#8221;white&#8221;][gt3_spacing height=&#8221;30px&#8221;][\/vc_column][vc_column width=&#8221;1\/2&#8243; css=&#8221;.vc_custom_1526390560512{margin-right: -46px !important;padding-top: 0px !important;padding-right: 0px !important;padding-bottom: 0px !important;padding-left: 0px !important;}&#8221;][vc_column_text][\/vc_column_text][\/vc_column][\/vc_row][vc_row full_width=&#8221;stretch_row_content&#8221; css=&#8221;.vc_custom_1701767489361{margin-bottom: -40px !important;}&#8221;][vc_column width=&#8221;1\/3&#8243; css=&#8221;.vc_custom_1701861656738{margin-bottom: -15px !important;padding-top: 0px !important;padding-right: 0px !important;padding-bottom: 0px !important;padding-left: 0px [&hellip;]<\/p>\n","protected":false},"author":1,"featured_media":0,"parent":0,"menu_order":0,"comment_status":"closed","ping_status":"closed","template":"full-width.php","meta":{"_themeisle_gutenberg_block_has_review":false,"footnotes":""},"class_list":["post-332","page","type-page","status-publish","hentry"],"_links":{"self":[{"href":"https:\/\/legoaster.fr\/index.php\/wp-json\/wp\/v2\/pages\/332","targetHints":{"allow":["GET"]}}],"collection":[{"href":"https:\/\/legoaster.fr\/index.php\/wp-json\/wp\/v2\/pages"}],"about":[{"href":"https:\/\/legoaster.fr\/index.php\/wp-json\/wp\/v2\/types\/page"}],"author":[{"embeddable":true,"href":"https:\/\/legoaster.fr\/index.php\/wp-json\/wp\/v2\/users\/1"}],"replies":[{"embeddable":true,"href":"https:\/\/legoaster.fr\/index.php\/wp-json\/wp\/v2\/comments?post=332"}],"version-history":[{"count":110,"href":"https:\/\/legoaster.fr\/index.php\/wp-json\/wp\/v2\/pages\/332\/revisions"}],"predecessor-version":[{"id":2040,"href":"https:\/\/legoaster.fr\/index.php\/wp-json\/wp\/v2\/pages\/332\/revisions\/2040"}],"wp:attachment":[{"href":"https:\/\/legoaster.fr\/index.php\/wp-json\/wp\/v2\/media?parent=332"}],"curies":[{"name":"wp","href":"https:\/\/api.w.org\/{rel}","templated":true}]}}