{"id":782,"date":"2018-06-08T09:17:08","date_gmt":"2018-06-08T09:17:08","guid":{"rendered":"https:\/\/livewp.site\/wp\/md\/oconnor\/?page_id=782"},"modified":"2023-12-04T10:16:24","modified_gmt":"2023-12-04T09:16:24","slug":"mes-competences","status":"publish","type":"page","link":"https:\/\/legoaster.fr\/index.php\/mes-competences\/","title":{"rendered":"Mes comp\u00e9tences"},"content":{"rendered":"<section class=\"wpb-content-wrapper\">[vc_row][vc_column][vc_column_text]\n<p style=\"text-align: center;\"><img loading=\"lazy\" decoding=\"async\" class=\"size-full wp-image-1207 alignleft\" src=\"http:\/\/legoaster.fr\/wp-content\/uploads\/2019\/06\/home_02_icon_07.png\" alt=\"\" width=\"92\" height=\"104\" \/><img loading=\"lazy\" decoding=\"async\" class=\"size-full wp-image-1205 alignright\" src=\"http:\/\/legoaster.fr\/wp-content\/uploads\/2019\/06\/home_02_icon_10.png\" alt=\"\" width=\"96\" height=\"104\" \/><\/p>\n[\/vc_column_text][gt3_spacing height=&#8221;64px&#8221;][gt3_custom_text text_color=&#8221;#272b2e&#8221; font_size=&#8221;18&#8243; use_theme_fonts=&#8221;no&#8221; google_fonts_text=&#8221;font_family:Prata%3Aregular|font_style:400%20regular%3A400%3Anormal&#8221;]\n<p style=\"text-align: center;\" align=\"JUSTIFY\">Les m\u00e9tiers du droit sont tr\u00e8s vastes et nul ne peut pr\u00e9tendre en ma\u00eetriser l\u2019ensemble.<\/p>\n[\/gt3_custom_text][\/vc_column][\/vc_row][vc_row][vc_column][\/vc_column][\/vc_row][vc_row][vc_column][gt3_spacing height=&#8221;64px&#8221;][\/vc_column][\/vc_row][vc_row][vc_column width=&#8221;1\/2&#8243;][gt3_custom_text text_color=&#8221;#272b2e&#8221; font_size=&#8221;18&#8243;]<span class=\"gt3_dropcaps\" style=\"font-size: 3em; line-height: 0.97; color: #c2b697;\">C<\/span><\/p>\n<p align=\"JUSTIFY\">\u2019est la raison pour laquelle, je ne pratique que le droit de la famille, dans le but de vous assurer une repr\u00e9sentation et une d\u00e9fense de qualit\u00e9 dans les domaines suivants\u00a0:<\/p>\n[\/gt3_custom_text][\/vc_column][vc_column width=&#8221;1\/2&#8243;][gt3_custom_text text_color=&#8221;#272b2e&#8221; font_size=&#8221;18&#8243;]\n<ul>\n<li>\n<p align=\"JUSTIFY\">divorce par consentement mutuel<\/p>\n<\/li>\n<li>\n<p align=\"JUSTIFY\">\u00a0convention de divorce sous seing priv\u00e9 contresign\u00e9 par avocat<\/p>\n<\/li>\n<li>\n<p align=\"JUSTIFY\">divorce judiciaire avec ou sans faute<\/p>\n<\/li>\n<li>\n<p align=\"JUSTIFY\">s\u00e9paration de concubinage<\/p>\n<\/li>\n<li>\n<p align=\"JUSTIFY\">rupture de PACS<\/p>\n<\/li>\n<li>\n<p align=\"JUSTIFY\">garde d\u2019enfants<\/p>\n<\/li>\n<li>\n<p align=\"JUSTIFY\">pension alimentaire pour les enfants<\/p>\n<\/li>\n<li>\n<p align=\"JUSTIFY\">pension alimentaire due aux parents<\/p>\n<\/li>\n<li>\n<p align=\"JUSTIFY\">contestation pension alimentaire aux ascendants (clause d\u2019indignit\u00e9)<\/p>\n<\/li>\n<li>\n<p align=\"JUSTIFY\">prestation compensatoire (capital ou rente)<\/p>\n<\/li>\n<li>\n<p align=\"JUSTIFY\">droit de visite pour les parents, les grands-parents ou les tiers (beau-p\u00e8re\/belle-m\u00e8re)<\/p>\n<\/li>\n<li>\n<p align=\"JUSTIFY\">d\u00e9l\u00e9gation, retrait, r\u00e9tablissement autorit\u00e9 parentale<\/p>\n<\/li>\n<\/ul>\n[\/gt3_custom_text][\/vc_column][\/vc_row][vc_row][vc_column][gt3_spacing height=&#8221;32px&#8221;][\/vc_column][\/vc_row][vc_row][vc_column width=&#8221;1\/2&#8243;][gt3_spacing height=&#8221;10px&#8221;][gt3_spacing height=&#8221;32px&#8221;][\/vc_column][vc_column width=&#8221;1\/2&#8243;][\/vc_column][\/vc_row][vc_row][vc_column][gt3_custom_text text_color=&#8221;#272b2e&#8221; font_size=&#8221;18&#8243; use_theme_fonts=&#8221;no&#8221; google_fonts_text=&#8221;font_family:Prata%3Aregular|font_style:400%20regular%3A400%3Anormal&#8221;]\n<p align=\"JUSTIFY\">Mon intervention dans ces domaines cibl\u00e9s du droit est un gage de ma\u00eetrise professionnelle et de comp\u00e9tences.<\/p>\n<p align=\"JUSTIFY\">J\u2019interviens en demande et en d\u00e9fense devant tous les tribunaux fran\u00e7ais.<\/p>\n[\/gt3_custom_text][gt3_spacing height=&#8221;64px&#8221;][vc_column_text]\n<p style=\"text-align: center;\"><img loading=\"lazy\" decoding=\"async\" class=\"alignnone size-full wp-image-1208\" src=\"http:\/\/legoaster.fr\/wp-content\/uploads\/2019\/06\/home_02_icon_06.png\" alt=\"\" width=\"100\" height=\"104\" \/><\/p>\n[\/vc_column_text][gt3_spacing height=&#8221;64px&#8221;][\/vc_column][\/vc_row][vc_row][vc_column width=&#8221;1\/2&#8243;][gt3_spacing height=&#8221;10px&#8221;][\/vc_column][vc_column width=&#8221;1\/2&#8243;][\/vc_column][\/vc_row][vc_row][vc_column][gt3_spacing height=&#8221;64px&#8221;][\/vc_column][\/vc_row]\n<\/section>","protected":false},"excerpt":{"rendered":"<p>[vc_row][vc_column][vc_column_text] [\/vc_column_text][gt3_spacing height=&#8221;64px&#8221;][gt3_custom_text text_color=&#8221;#272b2e&#8221; font_size=&#8221;18&#8243; use_theme_fonts=&#8221;no&#8221; google_fonts_text=&#8221;font_family:Prata%3Aregular|font_style:400%20regular%3A400%3Anormal&#8221;] Les m\u00e9tiers du droit sont tr\u00e8s vastes et nul ne peut pr\u00e9tendre en ma\u00eetriser l\u2019ensemble. [\/gt3_custom_text][\/vc_column][\/vc_row][vc_row][vc_column][\/vc_column][\/vc_row][vc_row][vc_column][gt3_spacing height=&#8221;64px&#8221;][\/vc_column][\/vc_row][vc_row][vc_column width=&#8221;1\/2&#8243;][gt3_custom_text text_color=&#8221;#272b2e&#8221; font_size=&#8221;18&#8243;]C \u2019est la raison pour laquelle, je ne pratique que le droit de la famille, dans le but de vous assurer une repr\u00e9sentation et une d\u00e9fense de qualit\u00e9 dans [&hellip;]<\/p>\n","protected":false},"author":1,"featured_media":0,"parent":0,"menu_order":0,"comment_status":"closed","ping_status":"closed","template":"","meta":{"_themeisle_gutenberg_block_has_review":false,"footnotes":""},"class_list":["post-782","page","type-page","status-publish","hentry"],"_links":{"self":[{"href":"https:\/\/legoaster.fr\/index.php\/wp-json\/wp\/v2\/pages\/782","targetHints":{"allow":["GET"]}}],"collection":[{"href":"https:\/\/legoaster.fr\/index.php\/wp-json\/wp\/v2\/pages"}],"about":[{"href":"https:\/\/legoaster.fr\/index.php\/wp-json\/wp\/v2\/types\/page"}],"author":[{"embeddable":true,"href":"https:\/\/legoaster.fr\/index.php\/wp-json\/wp\/v2\/users\/1"}],"replies":[{"embeddable":true,"href":"https:\/\/legoaster.fr\/index.php\/wp-json\/wp\/v2\/comments?post=782"}],"version-history":[{"count":19,"href":"https:\/\/legoaster.fr\/index.php\/wp-json\/wp\/v2\/pages\/782\/revisions"}],"predecessor-version":[{"id":1914,"href":"https:\/\/legoaster.fr\/index.php\/wp-json\/wp\/v2\/pages\/782\/revisions\/1914"}],"wp:attachment":[{"href":"https:\/\/legoaster.fr\/index.php\/wp-json\/wp\/v2\/media?parent=782"}],"curies":[{"name":"wp","href":"https:\/\/api.w.org\/{rel}","templated":true}]}}